{"id":1036,"date":"2015-12-06T20:23:57","date_gmt":"2015-12-07T01:23:57","guid":{"rendered":"http:\/\/www.brams.umontreal.ca\/labohebert\/?page_id=1036"},"modified":"2022-09-19T17:17:57","modified_gmt":"2022-09-19T21:17:57","slug":"joignez-vous-a-l-equipe","status":"publish","type":"page","link":"http:\/\/www.hebertlab.ca\/en\/how-be-a-part-of-the-team\/","title":{"rendered":"How to be a part of the team?"},"content":{"rendered":"<p>If you would like to apply for a Master, Ph.D., or Postdoc position, please\u00a0<a href=\"\/en\/sylvie-hebert-ph-d\/\" target=\"_blank\" rel=\"noopener noreferrer\">contact us<\/a>!<\/p>\n<h3>Sylvie H\u00e9bert, PhD.<\/h3>\n<p><strong>Professor<\/strong><\/p>\n<div><strong>School of Speech Pathology and Audiology<\/strong><\/div>\n<div><strong>Faculty of Medicine<\/strong><\/div>\n<div>Universit\u00e9 de Montr\u00e9al, Pavillon\u00a07077 Parc<\/div>\n<div>C.P. 6128, Montreal (Qc) H3C 3J7<\/div>\n<div>E-mail: sylvie.hebert[at]umontreal.ca<\/div>\n<div>Phone: (514) 343-6111 #2594<\/div>\n<p><em>\u00a0<\/em><\/p>","protected":false},"excerpt":{"rendered":"<p>If you would like to apply for a Master, Ph.D., or Postdoc position, please\u00a0contact us! Sylvie H\u00e9bert, PhD. Professor School of Speech Pathology and Audiology Faculty of Medicine Universit\u00e9 de Montr\u00e9al, Pavillon\u00a07077 Parc C.P. 6128, Montreal (Qc) H3C 3J7 E-mail: sylvie.hebert[at]umontreal.ca Phone: (514) 343-6111 #2594 \u00a0<\/p>\n","protected":false},"author":7,"featured_media":0,"parent":0,"menu_order":0,"comment_status":"closed","ping_status":"closed","template":"","meta":[],"_links":{"self":[{"href":"http:\/\/www.hebertlab.ca\/en\/wp-json\/wp\/v2\/pages\/1036"}],"collection":[{"href":"http:\/\/www.hebertlab.ca\/en\/wp-json\/wp\/v2\/pages"}],"about":[{"href":"http:\/\/www.hebertlab.ca\/en\/wp-json\/wp\/v2\/types\/page"}],"author":[{"embeddable":true,"href":"http:\/\/www.hebertlab.ca\/en\/wp-json\/wp\/v2\/users\/7"}],"replies":[{"embeddable":true,"href":"http:\/\/www.hebertlab.ca\/en\/wp-json\/wp\/v2\/comments?post=1036"}],"version-history":[{"count":13,"href":"http:\/\/www.hebertlab.ca\/en\/wp-json\/wp\/v2\/pages\/1036\/revisions"}],"predecessor-version":[{"id":1693,"href":"http:\/\/www.hebertlab.ca\/en\/wp-json\/wp\/v2\/pages\/1036\/revisions\/1693"}],"wp:attachment":[{"href":"http:\/\/www.hebertlab.ca\/en\/wp-json\/wp\/v2\/media?parent=1036"}],"curies":[{"name":"wp","href":"https:\/\/api.w.org\/{rel}","templated":true}]}}