{"id":15,"date":"2013-04-04T18:22:38","date_gmt":"2013-04-04T18:22:38","guid":{"rendered":"http:\/\/www.brams.umontreal.ca\/labohebert\/publicationspublications"},"modified":"2024-07-08T15:24:20","modified_gmt":"2024-07-08T19:24:20","slug":"publications","status":"publish","type":"page","link":"http:\/\/www.hebertlab.ca\/en\/publications\/","title":{"rendered":"Publications"},"content":{"rendered":"<p><\/p>\n<h2>Books<\/h2>\n<ul>\n<li>H\u00e9bert, S. (2021). <em>Acouph\u00e8nes\u00a0: Les reconna\u00eetre et les oublier<\/em>.\u00a0 \u00c9ditions du Rocher, Monaco. ISBN\u00a0: 978-2-268-10512-3, 175 pages.<\/li>\n<li>H\u00e9bert, S. (2020). <em>Acouph\u00e8nes\u00a0: Les reconna\u00eetre et les oublier<\/em>.\u00a0 \u00c9ditions du Tr\u00e9carr\u00e9, Montr\u00e9al. ISBN\u00a0: 978-2-89568-779-5, 158 pages.<\/li>\n<\/ul>\n<h2>Book\u00a0chapters<\/h2>\n<ul>\n<li>Searchfield, G.D., Zhang, J., Biswas, R., De Ridder, D., Deutsch, B., Hall, D.A., <strong>H\u00e9bert, S<\/strong>., Kleinjung, T., Kleinst\u00e4uber,M., Langguth, B., Lopez-Escamez, J.A., Maslin, M.R.D., Mazurek, B., Piccirillo, J.F., Salvi, R., Schlee, W., Shulman, A., Shore, S., Szczepek, A.J., Smith, P.F., Theodoroff, S.M., Vajsakovic, D., Weise, C., &amp; Zheng, Y. (2021). <em>Emerging topics in the behavioral neuroscience of Tinnitus<\/em>. Current Topics in Behavioral Neuroscience, https:\/\/doi.org\/10.1007\/7854_2020_217<\/li>\n<li><strong>H\u00e9bert, S<\/strong>., (2021). <em>Psychological comorbidities of tinnitus<\/em>. Current Topics in Behavioral Neuroscience,1007\/7854_2021_218<\/li>\n<li><b>H\u00e9bert, S.<\/b>, Mazurek, B., &amp; Szczepek, A. (2017). Stress-related psychological disorders and tinnitus. In A. Sczezepek &amp; B. Mazurek, Eds. <i>Stress and Tinnitus<\/i><i>\u202f<\/i>: An interdiscriplinary companion for healthcare professionnals. AG\u202f: Springer International Publishing.<span data-ccp-props=\"{&quot;134233279&quot;:true,&quot;335551550&quot;:6,&quot;335551620&quot;:6,&quot;335559685&quot;:1134,&quot;335559991&quot;:414}\">\u00a0<\/span><\/li>\n<li data-leveltext=\"%1.\" data-font=\"Calibri\" data-listid=\"2\" aria-setsize=\"-1\" data-aria-posinset=\"4\" data-aria-level=\"1\">Deshaies, P., Gonzales, Z, Zenner, H.-P., Plontke, S, Par\u00e9, L., <b>H\u00e9bert, S<\/b>., Normandin, N., Girard, S.-A., Leroux, T., Tyler, R., &amp; C\u00f4t\u00e9, C. (2011). Quantification of the burden of disease for environmental noise induced tinnitus. In World Health Organization (WHO),\u202f<i>Burden of disease from environmental noise: Quantification of healthy years lost in Europe<\/i>. Chapter 5, pp. 71-90. Copenhague: WHO Regional office for Europe.<span data-ccp-props=\"{&quot;134233117&quot;:true,&quot;134233118&quot;:true,&quot;134233279&quot;:true,&quot;335551550&quot;:6,&quot;335551620&quot;:6,&quot;335559685&quot;:1134,&quot;335559991&quot;:425}\">\u00a0<\/span><\/li>\n<li data-leveltext=\"%1.\" data-font=\"Calibri\" data-listid=\"2\" aria-setsize=\"-1\" data-aria-posinset=\"4\" data-aria-level=\"1\"><b>H\u00e9bert, S<\/b>., Peretz, I., &amp; Racette, A. (2008). Should we make aphasic patients sing?\u00a0 In P. Mar\u00efen and J.Abutalebi, (Eds.), Neuropsychological research: A review (in honor of L. Vignolo). Psychology Press. Chapter\u00a011, p.185-200.<span data-ccp-props=\"{&quot;134233117&quot;:true,&quot;134233118&quot;:true,&quot;134233279&quot;:true,&quot;335551550&quot;:6,&quot;335551620&quot;:6,&quot;335559685&quot;:1134,&quot;335559991&quot;:425}\">\u00a0<\/span><\/li>\n<li data-leveltext=\"%1.\" data-font=\"Calibri\" data-listid=\"2\" aria-setsize=\"-1\" data-aria-posinset=\"4\" data-aria-level=\"1\"><b>H\u00e9bert, S.<\/b> &amp; Peretz, I. (2004). Functional organization of the auditory system. In M. Rizzo &amp; P. Eslinger (Eds.), <i>Principles and practice of behavioral neurology and neuropsychology<\/i>. Harcourt Press. Chapter 13, pp 291-304.<span data-ccp-props=\"{&quot;134233117&quot;:true,&quot;134233118&quot;:true,&quot;134233279&quot;:true,&quot;335551550&quot;:6,&quot;335551620&quot;:6,&quot;335559685&quot;:1134,&quot;335559991&quot;:425}\">\u00a0<\/span><\/li>\n<li data-leveltext=\"%1.\" data-font=\"Calibri\" data-listid=\"2\" aria-setsize=\"-1\" data-aria-posinset=\"4\" data-aria-level=\"1\">Peretz, I. &amp; <b>H\u00e9bert, S.<\/b> (1995). Music processing after brain damage: The case of rhythm without melody. In R. Steinberg (Ed.), <i>Music and the mind machine: Psychophysiology and psychopathology of the sense of music<\/i>, pp. 127-137. Berlin: Springer-Verlag.<span data-ccp-props=\"{&quot;134233117&quot;:true,&quot;134233118&quot;:true,&quot;134233279&quot;:true,&quot;335551550&quot;:6,&quot;335551620&quot;:6,&quot;335559685&quot;:1134,&quot;335559991&quot;:425}\">\u00a0<\/span><\/li>\n<\/ul>\n<hr \/>\n<h2>Scientific Papers<\/h2>\n<h2>2021-<\/h2>\n<div>\n<ul>\n<li style=\"font-weight: 400;\">Benesch, D., <u>Villatte, B.,<\/u> Vinet, A., H\u00e9bert, S., Voix, J., &amp; Bouserhal, R. (submitted). <em>Automatic stress recognition with in-ear heartbeat sounds<\/em>.<\/li>\n<li style=\"font-weight: 400;\"><u>Villatte, B<\/u>., <u>Bigras, C<\/u>., Fournier, P., Fitzpatrick, E., H\u00e9bert, S. (submitted). <em>Tinnitus patients\u2019 perspective on noise generators<\/em>.<\/li>\n<li style=\"font-weight: 400;\"><span style=\"font-size: revert;\">H\u00e9bert, S. (2024). <\/span><em style=\"font-size: revert;\">Bimodal neuromodulation of Tinnitus: Finding the Right Wire <\/em><span style=\"font-size: revert;\">(invited). Canadian Audiologist: <\/span><span style=\"font-size: revert;\">https:\/\/canadianaudiologist.ca\/issue\/volume-11-issue-3-2024\/13192-2\/<\/span><\/li>\n<\/ul>\n<ul>\n<li><span lang=\"EN-US\">Bigras, C., Theodoroff, S.M., Thielman, E.J., H\u00e9bert, S. (2024).\u00a0 <\/span><span class=\"title-text\"><i><span lang=\"EN-US\">Noise sensitivity or hyperacusis? Comparing the Weinstein and Khalfa questionnaires in a community and a clinical samples<\/span><\/i><\/span><span class=\"title-text\"><span lang=\"EN-US\">. <\/span><\/span><span class=\"title-text\">Hearing Research <\/span><a href=\"applewebdata:\/\/2DC251B9-0988-4E28-872B-A82BC67C6A93\/Volume%20445\">Volume 445<\/a>.<span class=\"apple-converted-space\">\u00a0<\/span><a href=\"https:\/\/doi.org\/10.1016\/j.heares.2024.108992\">https:\/\/doi.org\/10.1016\/j.heares.2024.108992<\/a><\/li>\n<\/ul>\n<\/div>\n<ul>\n<li>Bigras, C., B. Villatte, V. Duda et <strong>H\u00e9bert, S<\/strong>. (2022). <em>The Electrophysiological Markers of Hyperacusis: A Scoping Review<\/em>. Int J Audiol<em>,<\/em> Vol , p. 1-11.<\/li>\n<li>Fournier, P., &amp; <strong>H\u00e9bert, S<\/strong>. (2021). <em>The Gap prepulse inhibition of the acoustic startle (GPIAS) paradigm to assess auditory temporal processing: Monaural vs. binaural presentation<\/em>. Psychophysiolog, 58, 3, doi: 10.1111\/psyp.13755<\/li>\n<li>Fournier, P., Bigras, C., Lehmann, A., Norena, A.J., &amp; <strong>H\u00e9bert, S<\/strong>. (2021). <em>Modulation of hyperacusis and tinnitus loudness in tinnitus patients with and without hearing loss following three weeks of acoustic stimulation: a proof-of-concept study<\/em>. Progress in Brain research. Special issue on Tinnitus &#8211; An Interdisciplinary Approach Towards Individualized Treatment. https:\/\/doi.org\/10.1016\/bs.pbr.2021.01.024<\/li>\n<li><strong>H\u00e9bert, S<\/strong>. (2021).\u00a0<em>Sleep quality of tinnitus patients\u00a0: Why, How you should care<\/em> (invited). The Hearing Journal, 74 (12), pages 10-11.<\/li>\n<\/ul>\n<h2>2015-2020<\/h2>\n<ul>\n<li>Duda, V., Scully, O., Baillargeon, M.-S., &amp; <strong>H\u00e9bert, S.<\/strong> (2020). <em>Does tinnitus fill in the gap using electrophysiology? A scoping review<\/em>. Otolaryngology clinics. <em>Special Issue on Tinnitus, 53, <\/em>563-582<em>.<\/em><\/li>\n<li><strong>H\u00e9bert, S.<\/strong> (2019). Canadian Hearing Health and Research Strategy: A Call for Action! <em>Canadian Audiologist, 6(4)<\/em>.<\/li>\n<li><b>H\u00e9bert, S.<\/b> (2018). Tinnitus pitch and loudness matching\u202f: individual reliability of the standard clinical method versus patient-centred tinnitus likeness rating. <i><span lang=\"EN-CA\">JAMA Otolaryngology-Head &amp; Neck Surgery.<\/span><\/i><\/li>\n<li>Assi, H., Moore, R.D., Ellemberg, D., &amp; <b>H\u00e9bert, S<\/b>. (2018). Sensitivity to sounds in sport-related concussed athletes\u202f: A new clinical presentation of hyperacusis. <i>Scientific Reports.\u00a0<\/i><a href=\"https:\/\/europepmc.org\/backend\/ptpmcrender.fcgi?accid=PMC6028444&amp;blobtype=pdf\" target=\"_blank\" rel=\"noopener noreferrer\">\u25ca Access<\/a><\/li>\n<li>Colagrosso, E.M.G.,\u202fFournier, P.,\u202fFitzpatrick,\u202fE.M. &amp; <b>H\u00e9bert, S<\/b>. \u202f(2018). A qualitative study on factors modulating tinnitus experience. <i>Ear and Hearing<\/i>.<span data-ccp-props=\"{&quot;134233279&quot;:true,&quot;335551550&quot;:6,&quot;335551620&quot;:6,&quot;335559685&quot;:1134,&quot;335559991&quot;:425}\">\u00a0<\/span><\/li>\n<li data-leveltext=\"%1.\" data-font=\"Calibri\" data-listid=\"123\" aria-setsize=\"-1\" data-aria-posinset=\"44\" data-aria-level=\"1\">Paul, B., Schoenwiesner, M., &amp;\u00a0<b>H\u00e9bert, S.<\/b>\u00a0(2018). Towards an objective test of chronic tinnitus\u202f: Properties of auditory cortical evoked by silent gaps in tinnitus-like sounds.\u00a0<i>Hearing Research<\/i>. DOI: 10.1016\/j.heares.2018.04.005\u00a0<span data-ccp-props=\"{&quot;134233279&quot;:true,&quot;335551550&quot;:6,&quot;335551620&quot;:6,&quot;335559685&quot;:1134,&quot;335559991&quot;:425}\"><a href=\"http:\/\/www.hebertlab.ca\/wp-content\/uploads\/2018\/07\/1-s2.0-S0378595517305828-main.pdf\" target=\"_blank\" rel=\"noopener noreferrer\">\u25ca Access<\/a><\/span><\/li>\n<li><strong>H\u00e9bert, S.<\/strong> &amp; <u>Fournier, P.<\/u> (2017). Clinical validation of a new tinnitus assessment technology. <em>Frontiers in Neurology \u2013 section Neuro-Otology<\/em>, 8(38), doi: 3389\/fneur.2017.00038<em>.\u00a0<\/em><a href=\"http:\/\/www.hebertlab.ca\/wp-content\/uploads\/2018\/07\/Hebert-Fournier-2017.pdf\" target=\"_blank\" rel=\"noopener noreferrer\">\u25ca Access<\/a><\/li>\n<li><span style=\"text-decoration: underline;\">Zumbansen, A.,<\/span> Peretz, I., Anglade, C., Bilodeau, J., G\u00e9n\u00e9reux, S., Hubert, M., <strong>H\u00e9bert, S.<\/strong> (2016). Effect of choir activity in the rehabilitation of aphasia: a blind, randomized, controlled pilot study. <em>Aphasiology, <\/em>1-22<em>.<\/em><\/li>\n<li>Le Duc, J., Fournier, P., &amp; <strong>H\u00e9bert, S. <\/strong>(2016). Modulation of prepulse inhibition and startle reflex by emotions: A comparison between young and older adults. <em>Frontiers in Aging neuroscience, 8(33), 1-8<\/em>. \u00a0 <a href=\"\/wp-content\/uploads\/2013\/04\/LeDuc-et-al-2016.pdf\" target=\"_blank\" rel=\"noopener noreferrer\">\u25ca Access<\/a><\/li>\n<li>Fournier, P., &amp; <strong>H\u00e9bert, S. <\/strong>(2016). The gap startle paradigm to assess auditory temporal processing: bridging animal and human research. <em>Psychophysiology<\/em>, 00, 1-8. <em>\u00a0<\/em> <a href=\"\/wp-content\/uploads\/2013\/04\/Fournier_et_al-2016-Psychophysiology2.pdf\" target=\"_blank\" rel=\"noopener noreferrer\">\u25ca Access<\/a><\/li>\n<li><strong>H\u00e9bert, S.<\/strong> (2015). The Tinnitus and Hyperacusis Research Laboratory\u00a0: From basic mechanisms to clinical intervention. <em>Canadian Acoustics, <\/em>43(2), 34-35.\u00a0\u00a0 <a href=\"\/wp-content\/uploads\/2013\/04\/document.pdf\" target=\"_blank\" rel=\"noopener noreferrer\">\u25ca Access<\/a><\/li>\n<li>Galazyuk, A. &amp; <strong>H\u00e9bert S.<\/strong> (2015). Gap-prepulse inhibition of the acoustic startle reflex (GPIAS) for tinnitus assessment: current status and future directions. <em>Frontiers in Neurology,<\/em> 6(88).\u00a0\u00a0<a href=\"http:\/\/www.ncbi.nlm.nih.gov\/pmc\/articles\/PMC4411996\/pdf\/fneur-06-00088.pdf\" target=\"_blank\" rel=\"noopener noreferrer\">\u25ca Access<\/a><\/li>\n<\/ul>\n<h2>2005-2014<\/h2>\n<ul>\n<li>Fournier, P., Sch\u00f6nwiesner, M., &amp; <strong>H\u00e9bert, S. <\/strong> (2014). Loudness modulation after transient and permanent hearing loss: implications for\u00a0tinnitus and hyperacusis. (Invited review). <em>Neuroscience<\/em>. <em>Special issue on Brain compensation\u00a0: Always for good\u00a0? <\/em>26(283), 64-77.\u00a0\u00a0<a href=\"http:\/\/ac.els-cdn.com\/S0306452214006563\/1-s2.0-S0306452214006563-main.pdf?_tid=ab092da2-6575-11e5-b414-00000aab0f26&amp;acdnat=1443399356_d1c31cca659d50d6fe175a4395b6afff\" target=\"_blank\" rel=\"noopener noreferrer\">\u25ca Access<\/a><\/li>\n<li>Zumbansen, A., Peretz, I., <strong>H\u00e9bert, S. <\/strong>(2014). The combination of rhythm and pitch can account for the beneficial effect of Melodic intonation therapy on connected speech improvements in Broca\u2019s aphasia. <em>Frontiers in Human Neuroscience, <\/em>8(592).\u00a0\u00a0<a href=\"http:\/\/journal.frontiersin.org\/article\/10.3389\/fnhum.2014.00592\/full\" target=\"_blank\" rel=\"noopener noreferrer\">\u25ca Access<\/a><\/li>\n<li>Zumbansen, A., Peretz, I., <strong>H\u00e9bert, S. <\/strong>(2014). Melodic intonation therapy: back to basics for future research. <em>Frontiers in Neurology<\/em>, 5(7).<em>\u00a0\u00a0<\/em><a href=\"http:\/\/journal.frontiersin.org\/article\/10.3389\/fneur.2014.00007\/full\" target=\"_blank\" rel=\"noopener noreferrer\">\u25ca Access<\/a><\/li>\n<li>Basile, C.-E., Fournier, P., Hutchins, S., <strong>H\u00e9bert, S. <\/strong>(2013). Psychoacoustic assessment improves the diagnosis of tinnitus. <em>PLoS ONE<\/em>, 8(12), e82995. IF: 4.092<em>\u00a0\u00a0<\/em><a href=\"http:\/\/www.plosone.org\/article\/fetchObject.action?uri=info:doi\/10.1371\/journal.pone.0082995&amp;representation=PDF\" target=\"_blank\" rel=\"noopener noreferrer\">\u25ca Access<\/a><\/li>\n<li><strong>H\u00e9bert, S.<\/strong>, Fournier, P., Norena, A. (2013). The auditory sensitivity is increased in tinnitus ears. <em>The Journal of Neuroscience.<\/em> 33(6):2356-2364. IF: 7.115<em>\u00a0\u00a0<\/em><a href=\"\/wp-content\/uploads\/2013\/04\/2356.full_.pdf\" target=\"_blank\" rel=\"noopener noreferrer\">\u25ca Access<\/a><\/li>\n<li>Fournier, P., &amp; <strong>H\u00e9bert, S. <\/strong>(2013). Gap detection deficits in humans with tinnitus as assessed with the acoustic startle paradigm: Does tinnitus fill in the gap? <em>Hear Res, <\/em>295(1-2), 16-23. IF: 2.696\u00a0 <a href=\"\/wp-content\/uploads\/2013\/04\/FournierHebert.pdf\" target=\"_blank\" rel=\"noopener noreferrer\">\u25ca Access<\/a><\/li>\n<li><strong>H\u00e9bert, S.<\/strong>, Canlon, B., &amp; Hasson, D. (2012). Emotional Exhaustion as a Predictor of Tinnitus. [Letter]. <em>Psychother Psychosom, <\/em>81(5), 324-326. IF: 6.284<em>\u00a0 <\/em><a href=\"http:\/\/www.karger.com\/Article\/Abstract\/335043\" target=\"_blank\" rel=\"noopener noreferrer\">\u25ca Abstract Access<\/a><\/li>\n<li><strong>H\u00e9bert, S.<\/strong>., Canlon, B., Hasson, D., Magnusson Hanson, L. L., Westerlund, H., &amp; Theorell, T. (2012). Tinnitus severity is reduced with reduction of depressive mood &#8211; a prospective population study in sweden. <em>PLoS One, <\/em>7(5), e37733. IF: 4.092<b><em>\u00a0<\/em><\/b><em>\u00a0<\/em><a href=\"\/wp-content\/uploads\/2013\/04\/PLoS-one-2012.pdf\" target=\"_blank\" rel=\"noopener noreferrer\">\u25ca Access<\/a><\/li>\n<li>Simoens, V., &amp; <strong>H\u00e9bert, S. <\/strong> (2012). Cortisol suppression and hearing thresholds in tinnitus after low-dose dexamethasone challenge. <em>BMC Ear, Nose and Throat Disorders<\/em>, 12(4). IF:1.14<em>\u00a0\u00a0<\/em><a href=\"\/wp-content\/uploads\/2013\/04\/simoens.pdf\" target=\"_blank\" rel=\"noopener noreferrer\">\u25ca Access<\/a><\/li>\n<li>Ahken, S., Comeau, G., <strong>H\u00e9bert, S.<\/strong>, &amp; Balasubramaniam, R. (2012). Eye-movement patterns during the processing of musical and linguistic syntactic incongruities. <em>Psychomusicology: Music, Mind, and Brain, <\/em>22(1), 18-25.<\/li>\n<li><strong>H\u00e9bert, S.,<\/strong> <u>Fullum, S.<\/u>, &amp; Carrier, J. (2011). Polysomnographic and quantitative electroencephalographic correlates of subjective sleep complaints in chronic tinnitus. <em>Journal of Sleep Research<\/em>. 20(1): 38-44. IF: 3.36<em>\u00a0\u00a0<\/em><a href=\"\/wp-content\/uploads\/2013\/04\/hebertsleep.pdf\" target=\"_blank\" rel=\"noopener noreferrer\">\u25ca Access<\/a><\/li>\n<li>Deshaies, P., Gonzales, Z, Zenner, H.-P., Plontke, S, Par\u00e9, L.,\u00a0H\u00e9bert, S., Normandin, N., Girard, S.-A., Leroux, T., Tyler, R., &amp; C\u00f4t\u00e9, C. (2011).\u00a0 Environmental noise and tinnitus. In World Health Organization (WHO),\u00a0<em>Burden of disease from environmental noise: Quantification of healthy years lost in Europe<\/em>. Chapter 5, pp. 71-90. Copenhague: WHO Regional office for Europe.<em>\u00a0\u00a0<\/em><a href=\"\/wp-content\/uploads\/2013\/04\/final1.part_.pdf\" target=\"_blank\" rel=\"noopener noreferrer\">\u25ca Access<\/a><\/li>\n<li><strong>H\u00e9bert, S.<\/strong> (2009). Les acouph\u00e8nes et les hallucinations auditives\u00a0: les effets sur la sant\u00e9 mentale (article invit\u00e9). <em>Fr\u00e9quences\u00a0: Les acouph\u00e8nes. (Revue des orthophonistes et audiologistes professionnels), <\/em>20(4), 21-23.<\/li>\n<li><strong>H\u00e9bert, S<\/strong>., &amp; Lupien, S. (2009). Salivary cortisol levels, subjective stress, and tinnitus intensity in tinnitus sufferers during noise exposure in the laboratory. <em>International Journal of Hygiene and Environmental Health, <\/em>212 (1): 37-44<em>.<\/em><em>\u00a0\u00a0<\/em><a href=\"\/wp-content\/uploads\/2013\/04\/sdarticle.pdf\" target=\"_blank\" rel=\"noopener noreferrer\">\u25ca Obtenir<\/a><\/li>\n<li>Madell, J., &amp; <strong>H\u00e9bert, S<\/strong>. (2008). Music reading and eye movements: Where do we look next? <em>Music Perception<\/em>, 26(2), 157-170.<\/li>\n<li><strong>H\u00e9bert, S<\/strong>., B\u00e9land, R., Beckett, C., Cuddy, L.L., Peretz, I., &amp; Wolforth, J. (2008). A case study of music and text dyslexia. <em>Music Perception, Special issue on musical difficulties and disorders<\/em>. 25(4), 369\u2013381.<em>\u00a0\u00a0<\/em><a href=\"http:\/\/www.eoa.umontreal.ca\/documents\/pdf\/publicationsHebertS_caseMusicTextDyslexia.pdf\" target=\"_blank\" rel=\"noopener noreferrer\">\u25ca Access<\/a><\/li>\n<li><strong>H\u00e9bert, S<\/strong>., Peretz, I., &amp; Racette, A. (2008). Should we make aphasic patients sing? Dans P. Mar\u00efen and J.Abutalebi, (Eds.), Neuropsychological research: A review (in honor of L. Vignolo). Psychology Press. Chapitre 11, p.185-200.<\/li>\n<li><strong>H\u00e9bert, S.<\/strong>, Carrier, J. (2007). Sleep complaints in tinnitus sufferers: A controlled study.\u00a0<em>Ear &amp; Hearing<\/em>. 28(5), 649-655.<em>\u00a0\u00a0<\/em><a href=\"http:\/\/www.eoa.umontreal.ca\/documents\/pdf\/publicationsHebertS_sleepElderlyTinnitus.pdf\" target=\"_blank\" rel=\"noopener noreferrer\">\u25ca Access<\/a><\/li>\n<li><strong>H\u00e9bert S.<\/strong> &amp; Lupien S.J. (2007). The Sound of Stress : Blunted cortisol reactivity to psychosocial stress in tinnitus sufferers.\u00a0\u00a0<em>Neuroscience Letters<\/em>\u00a0411(2):138-42.<em>\u00a0 <\/em><a href=\"http:\/\/www.eoa.umontreal.ca\/documents\/pdf\/publicationsHebertS_soundStressCortisol.pdf\" target=\"_blank\" rel=\"noopener noreferrer\">\u25ca Access<\/a><\/li>\n<li><strong>H\u00e9bert, S. <\/strong>(2006). Les acouph\u00e8nes et le vieillissement (article invit\u00e9). <em>Fr\u00e9quences\u00a0: Le vieillissement et la communication. (Revue des orthophonistes et audiologistes professionnels)<\/em>, 18 (2), 19-22.<\/li>\n<li><strong>H\u00e9bert, S<\/strong>., &amp; Cuddy, L.L. (2006). Music-reading deficiencies and the brain. <em>Advances in Experimental Psychology<\/em><em>: Special issue on Music performance,<\/em> 2(2-3), 199-206.<em>\u00a0\u00a0<\/em><a href=\"http:\/\/www.eoa.umontreal.ca\/documents\/pdf\/publicationsHebertS_musicReading_hebertCuddy.pdf\" target=\"_blank\" rel=\"noopener noreferrer\">\u25ca Access<\/a><\/li>\n<li><strong>H\u00e9bert, S<\/strong>., B\u00e9land, R., Lupien, S., Dionne-Fournelle, O., &amp; Cr\u00eate, M. (2005). Physiological Stress Response To Video-game Playing : The Contribution Of Built-in Music. <em>Life Sciences<\/em>, 76(20), 2371-2380.<em>\u00a0\u00a0<\/em><a href=\"http:\/\/ac.els-cdn.com\/S0024320505000378\/1-s2.0-S0024320505000378-main.pdf?_tid=c97adcde-6649-11e5-863c-00000aacb35f&amp;acdnat=1443490460_3fbbb5fb890aa19f4dd0d43eaf6b233c\" target=\"_blank\" rel=\"noopener noreferrer\">\u25ca Access<\/a><\/li>\n<\/ul>\n<h2>1995-2004<\/h2>\n<ul>\n<li>Peretz I, Gagnon, L, <strong>H\u00e9bert S<\/strong>, &amp; Macoir, J (2004). Singing in the brain: Insights from cognitive neuropsychology. <em>Music Perception<\/em>, 21(3), 373-390.<\/li>\n<li><strong>H\u00e9bert, S.,<\/strong> Paiement, P., &amp; Lupien, S. (2004). A physiological correlate for the intolerance to both internal and external sounds. <em>Hearing Research<\/em>, 190 (1-2), 1-9.<em>\u00a0\u00a0<\/em><a href=\"http:\/\/ac.els-cdn.com\/S0378595504000218\/1-s2.0-S0378595504000218-main.pdf?_tid=be2e7f74-664a-11e5-bf5f-00000aab0f27&amp;acdnat=1443490871_b13b00bf3d70d96b60e5a6a3277f75ab\" target=\"_blank\" rel=\"noopener noreferrer\">\u25ca Access<\/a><\/li>\n<li>H\u00e9bert, S. &amp; Peretz, I. (2004). Functional organization of the auditory system. In M. Rizzo &amp; P. Eslinger (Eds.), Principles and practice of behavioral neurology and neuropsychology. Harcourt Press. Chapitre 13, pp 291-304.<\/li>\n<li><strong>H\u00e9bert, S<\/strong>., Racette, A., Gagnon, L. &amp; Peretz, I. (2003). Revisiting the dissociation between singing and speaking in expressive aphasia.\u00a0<em>Brain, <\/em>126, 1838-1850.<em>\u00a0\u00a0<\/em><a href=\"http:\/\/brain.oxfordjournals.org\/content\/brain\/126\/8\/1838.full.pdf\" target=\"_blank\" rel=\"noopener noreferrer\">\u25ca Access<\/a><\/li>\n<li>H\u00e9bert, S. &amp; Cuddy, L.L. (2002). Detection of metric structure in auditory figural patterns.<em>Perception &amp; Psychophysics, <\/em>64, 909-918.<em>\u00a0\u00a0<\/em><a href=\"http:\/\/www.frontiersin.org\/publications\/12269298\" target=\"_blank\" rel=\"noopener noreferrer\">\u25ca Abstract Access<\/a><\/li>\n<li>Rousseau, L., <strong>H\u00e9bert, S.<\/strong> &amp; Cuddy, L.L. (2001). Impaired short temporal interval discrimination in a dyslexic adult. <em>Brain and Cognition, <\/em>46(1-2), 249-254.<em>\u00a0\u00a0<\/em><a href=\"http:\/\/www.frontiersin.org\/publications\/11527342\" target=\"_blank\" rel=\"noopener noreferrer\">\u25ca Abstract Access<\/a><\/li>\n<li><strong> H\u00e9bert, S<\/strong>. &amp; Leroux, T. (2001). Conna\u00eetre et comprendre les probl\u00e8mes auditifs dans le vieillissement. <em>Le G\u00e9rontophile, <\/em>23(2), 15-19.<\/li>\n<li><strong>H\u00e9bert, S<\/strong>. &amp; Peretz, I. (2001). Are text and tune of familiar songs separable by brain damage? <em>Brain and Cognition, <\/em>46(1-2), 169-175.<em>\u00a0\u00a0<\/em><a href=\"http:\/\/www.frontiersin.org\/publications\/11527321\" target=\"_blank\" rel=\"noopener noreferrer\">\u25ca Abstract Access<\/a><\/li>\n<li>Peretz, I. &amp; <strong>H\u00e9bert, S.<\/strong> (2000). Towards a biological account of music experience.\u00a0<em>Brain and Cognition<\/em>, 42, 131-134.<\/li>\n<li>Lassonde, M., Mottron, L., Peretz, I., Schiavetto, A., <strong>H\u00e9bert, S.<\/strong> &amp; D\u00e9carie, J.-C. (1999). Loss of global visual and auditory processing following right temporal lobe lesion.\u00a0<em>Brain &amp; Cognition<\/em>, 40(1), 162-166.<\/li>\n<li><strong>H\u00e9bert, S.<\/strong> &amp; Peretz, I. (1997). Recognition of music in long-term memory: Are melodic and temporal patterns equal partners?\u00a0<em>Memory &amp; Cognition<\/em>, 25(4), 518-533.<em>\u00a0 <\/em><a href=\"http:\/\/www.frontiersin.org\/publications\/9259629\" target=\"_blank\" rel=\"noopener noreferrer\">\u25ca Abstract Access<\/a><\/li>\n<li>Peretz, I., Baba\u00ef, M., Lussier, I., <strong>H\u00e9bert, S.<\/strong> &amp; Gagnon, L. (1995). Corpus d&#8217;extraits musicaux: indices relatifs \u00e0 la familiarit\u00e9, \u00e0 l&#8217;\u00e2ge d&#8217;acquisition et aux \u00e9vocations verbales. <em>Canadian Journal of Experimental Psychology, <\/em>49(2), 211-238.<\/li>\n<li><strong>H\u00e9bert, S<\/strong>., Peretz, I. &amp; Gagnon, L. (1995). Perceiving the tonal ending of tune excerpts: The roles of pre-existing representation and musical expertise. <em>Canadian Journal of Experimental Psychology, <\/em>49(2), 193-209.<em>\u00a0\u00a0<\/em><a href=\"http:\/\/www.frontiersin.org\/publications\/9183976\" target=\"_blank\" rel=\"noopener noreferrer\">\u25ca Abstract Access<\/a><\/li>\n<\/ul>\n<p><\/p>","protected":false},"excerpt":{"rendered":"<p>Books H\u00e9bert, S. (2021). Acouph\u00e8nes\u00a0: Les reconna\u00eetre et les oublier.\u00a0 \u00c9ditions du Rocher, Monaco. ISBN\u00a0: 978-2-268-10512-3, 175 pages. H\u00e9bert, S. (2020). Acouph\u00e8nes\u00a0: Les reconna\u00eetre et les oublier.\u00a0 \u00c9ditions du Tr\u00e9carr\u00e9, Montr\u00e9al. ISBN\u00a0: 978-2-89568-779-5, 158 pages. Book\u00a0chapters Searchfield, G.D., Zhang, J., Biswas, R., De Ridder, D., Deutsch, B., Hall, D.A., H\u00e9bert, S., Kleinjung, T., Kleinst\u00e4uber,M., Langguth, &#8230; <a title=\"Publications\" class=\"read-more\" href=\"http:\/\/www.hebertlab.ca\/en\/publications\/\">Read more<span class=\"screen-reader-text\">Publications<\/span><\/a><\/p>\n","protected":false},"author":1,"featured_media":0,"parent":0,"menu_order":0,"comment_status":"closed","ping_status":"closed","template":"","meta":[],"_links":{"self":[{"href":"http:\/\/www.hebertlab.ca\/en\/wp-json\/wp\/v2\/pages\/15"}],"collection":[{"href":"http:\/\/www.hebertlab.ca\/en\/wp-json\/wp\/v2\/pages"}],"about":[{"href":"http:\/\/www.hebertlab.ca\/en\/wp-json\/wp\/v2\/types\/page"}],"author":[{"embeddable":true,"href":"http:\/\/www.hebertlab.ca\/en\/wp-json\/wp\/v2\/users\/1"}],"replies":[{"embeddable":true,"href":"http:\/\/www.hebertlab.ca\/en\/wp-json\/wp\/v2\/comments?post=15"}],"version-history":[{"count":155,"href":"http:\/\/www.hebertlab.ca\/en\/wp-json\/wp\/v2\/pages\/15\/revisions"}],"predecessor-version":[{"id":1786,"href":"http:\/\/www.hebertlab.ca\/en\/wp-json\/wp\/v2\/pages\/15\/revisions\/1786"}],"wp:attachment":[{"href":"http:\/\/www.hebertlab.ca\/en\/wp-json\/wp\/v2\/media?parent=15"}],"curies":[{"name":"wp","href":"https:\/\/api.w.org\/{rel}","templated":true}]}}