{"id":257,"date":"2014-11-19T21:25:35","date_gmt":"2014-11-20T02:25:35","guid":{"rendered":"http:\/\/www.brams.umontreal.ca\/labohebert\/linksliens"},"modified":"2018-05-31T15:41:53","modified_gmt":"2018-05-31T19:41:53","slug":"medias","status":"publish","type":"page","link":"http:\/\/www.hebertlab.ca\/en\/links\/","title":{"rendered":"MEDIAS"},"content":{"rendered":"<p><\/p>\n<h2>Press<\/h2>\n<ul>\n<li><a href=\"http:\/\/www.cbc.ca\/news\/canada\/montreal\/tinnitus-hearing-young-people-quebec-1.3580596\">Loud headphones putting young people at risk for hearing damage<\/a> \u2013 CBC News, May 15th 2016<\/li>\n<li><a href=\"http:\/\/eoa.umontreal.ca\/2016\/05\/10\/jeunes-ont-comportements-a-risque-audition\/\">Les jeunes ont des comportements \u00e0 risque pour leur audition<\/a> \u2013 Universit\u00e9 de Montr\u00e9al, May 10th 2016<\/li>\n<li><a href=\"http:\/\/www.francosourd.com\/profiles\/blogs\/les-jeunes-ont-des-comportements-a-risque-pour-leur-audition\">Les jeunes ont des comportements \u00e0 risque pour leur audition<\/a> \u2013 Francosourd, May 9th 2016<\/li>\n<li><a href=\"http:\/\/quebec.huffingtonpost.ca\/2016\/05\/07\/les-jeunes-ont-des-comportements-a-risque-pour-leur-audition_n_9862212.html\">Les jeunes ont des comportements \u00e0 risque pour leur audition<\/a> -Huffington Post, May 7th 2016<\/li>\n<li><a href=\"http:\/\/www.psychomedia.qc.ca\/psychologie\/2016-05-07\/risque-acouphenes-chez-les-jeunes\">De plus en plus de jeunes se mettent \u00e0 risque d\u2019acouph\u00e8nes irr\u00e9versibles<\/a> \u2013 Psychom\u00e9dia, May 7th 2016<\/li>\n<li><a href=\"http:\/\/www.lapresse.ca\/le-soleil\/actualites\/sante\/201605\/07\/01-4979147-quand-les-ecouteurs-font-du-dommage.php\">Quand les \u00e9couteurs font du dommage\u2026<\/a> \u2013 Le Soleil, May 7th 2016<\/li>\n<li><a href=\"http:\/\/newsquebec.ca\/2016\/05\/07\/les-jeunes-ont-des-comportements-a-risque-pour-leur-audition\/\">Les jeunes ont des comportements \u00e0 risque pour leur audition<\/a> \u2013 Qu\u00e9bec News, May 7th 2016<\/li>\n<li><a href=\"https:\/\/www.santemontreal.qc.ca\/population\/actualites\/nouvelle\/les-acouphenes-et-troubles-auditifs-un-fleau-previsible\/\">Les acouph\u00e8nes et troubles auditifs : un fl\u00e9au pr\u00e9visible?<\/a> \u2013 Sant\u00e9 Montr\u00e9al, May 4th 2016<\/li>\n<li><a href=\"https:\/\/www.ciusss-centresudmtl.gouv.qc.ca\/actualites\/actualite\/les-acouphenes-et-troubles-auditifs-un-fleau-previsible\/8e6e364814b0801feda79041a89df8f7\/\">Les acouph\u00e8nes et troubles auditifs : un fl\u00e9au pr\u00e9visible?<\/a> \u2013 CIUSSS du Centre-Sud-de-l\u2019\u00cele-de-Montr\u00e9al, May 4th 2016<\/li>\n<\/ul>\n<p>&nbsp;<\/p>\n<h2>Videos \/ Interviews<\/h2>\n<ul>\n<li>Passage on <em><a href=\"https:\/\/ici.radio-canada.ca\/premiere\/emissions\/les-annees-lumiere\/episodes\/407472\/audio-fil-du-dimanche-20-mai-2018\" target=\"_blank\" rel=\"noopener\">Les ann\u00e9es<\/a><a href=\"https:\/\/ici.radio-canada.ca\/premiere\/emissions\/les-annees-lumiere\/episodes\/407472\/audio-fil-du-dimanche-20-mai-2018\" target=\"_blank\" rel=\"noopener\"> lumi\u00e8re<\/a><\/em>\u00a0broadcast, CBC airwaves, May 20th 2018.<\/li>\n<li>Passage on <em><a href=\"https:\/\/ici.radio-canada.ca\/premiere\/emissions\/le-15-18\/episodes\/407349\/audio-fil-du-mercredi-16-mai-2018\" target=\"_blank\" rel=\"noopener\">Le 15-18<\/a>\u00a0<\/em>broadcast, CBC airwaves, May 16th 2018.<\/li>\n<li>Passage on <a href=\"http:\/\/ici.radio-canada.ca\/emissions\/ya_pas_deux_matins_pareils\/2015-2016\/archives.asp?date=2016-08-24\" target=\"_blank\" rel=\"noopener\"><em>Le matin du Nord<\/em><\/a> broadcast: <em>Les vers d&#8217;oreille<\/em>, CBC airwaves, August 24th 2016.<\/li>\n<li>Passage on <a href=\"http:\/\/ici.radio-canada.ca\/emissions\/le_matin_du_nord\/2012-2013\/archives.asp?date=2016-08-24\" target=\"_blank\" rel=\"noopener\"><em>Y&#8217;a pas deux matins pareils<\/em><\/a> broadcast: <em>Les vers d&#8217;oreille<\/em>, CBC airwaves, August 24th 2016.<\/li>\n<li>Passage on <em>Le Code Chastenay <\/em>TV broadcast :<em> D\u00e9pister les acouph\u00e8nes<\/em>, T\u00e9l\u00e9-Qu\u00e9bec airwaves, March 15th 2016.<\/li>\n<li>Passage on <em>Les ann\u00e9es lumi\u00e8res<\/em> Radio broadcast<em> : Une cigale dans l\u2019oreille<\/em>, CBC airwaves, May 24th 2015.<\/li>\n<li>Passage on <em>Le Code Chastenay <\/em>TV broadcast<em> : Les acouph\u00e8nes<\/em>, T\u00e9l\u00e9-Qu\u00e9bec airwaves, November 3rd 2015.<\/li>\n<\/ul>\n<p><\/p>","protected":false},"excerpt":{"rendered":"<p>Press Loud headphones putting young people at risk for hearing damage \u2013 CBC News, May 15th 2016 Les jeunes ont des comportements \u00e0 risque pour leur audition \u2013 Universit\u00e9 de Montr\u00e9al, May 10th 2016 Les jeunes ont des comportements \u00e0 risque pour leur audition \u2013 Francosourd, May 9th 2016 Les jeunes ont des comportements \u00e0 &#8230; <a title=\"MEDIAS\" class=\"read-more\" href=\"http:\/\/www.hebertlab.ca\/en\/links\/\">Read more<span class=\"screen-reader-text\">MEDIAS<\/span><\/a><\/p>\n","protected":false},"author":7,"featured_media":0,"parent":0,"menu_order":0,"comment_status":"closed","ping_status":"closed","template":"","meta":[],"_links":{"self":[{"href":"http:\/\/www.hebertlab.ca\/en\/wp-json\/wp\/v2\/pages\/257"}],"collection":[{"href":"http:\/\/www.hebertlab.ca\/en\/wp-json\/wp\/v2\/pages"}],"about":[{"href":"http:\/\/www.hebertlab.ca\/en\/wp-json\/wp\/v2\/types\/page"}],"author":[{"embeddable":true,"href":"http:\/\/www.hebertlab.ca\/en\/wp-json\/wp\/v2\/users\/7"}],"replies":[{"embeddable":true,"href":"http:\/\/www.hebertlab.ca\/en\/wp-json\/wp\/v2\/comments?post=257"}],"version-history":[{"count":38,"href":"http:\/\/www.hebertlab.ca\/en\/wp-json\/wp\/v2\/pages\/257\/revisions"}],"predecessor-version":[{"id":1525,"href":"http:\/\/www.hebertlab.ca\/en\/wp-json\/wp\/v2\/pages\/257\/revisions\/1525"}],"wp:attachment":[{"href":"http:\/\/www.hebertlab.ca\/en\/wp-json\/wp\/v2\/media?parent=257"}],"curies":[{"name":"wp","href":"https:\/\/api.w.org\/{rel}","templated":true}]}}